{"id":1244,"date":"2017-11-15T11:28:09","date_gmt":"2017-11-15T10:28:09","guid":{"rendered":"http:\/\/www.ailestourangelles.fr\/?page_id=1244"},"modified":"2020-08-30T15:52:59","modified_gmt":"2020-08-30T14:52:59","slug":"brevet-de-base","status":"publish","type":"page","link":"https:\/\/www.ailestourangelles.fr\/en\/brevet-de-base\/","title":{"rendered":"Brevet de Base"},"content":{"rendered":"<p>Le Brevet de Base de pilote d\u2019avion (ou BB) est un brevet national (fran\u00e7ais, donc non reconnu dans un autre pays) qui autorise son titulaire \u00e0 voler seul \u00e0 bord dans un rayon de 30 km autour de l\u2019a\u00e9rodrome de d\u00e9part, sans passager et sur le type d\u2019avion ayant servi \u00e0 la formation. Avec de l\u2019exp\u00e9rience, des extensions d\u2019autorisation peuvent \u00eatre accord\u00e9es par un instructeur habilit\u00e9. La mise en application de la r\u00e9glementation europ\u00e9enne Part-FCL le 8 avril 2018 marquera la fin du Brevet de Base ; les titulaires d\u2019un BB pourront exercer les privil\u00e8ges du brevet jusqu\u2019en avril 2018, apr\u00e8s, une conversion vers la nouvelle licence (LAPL) devra \u00eatre effectu\u00e9e.<\/p>\n<p><a href=\"https:\/\/www.ailestourangelles.fr\/wp-content\/uploads\/2020\/08\/cabine_1.jpg\"><img loading=\"lazy\" decoding=\"async\" class=\"alignnone\" title=\"ciel\" src=\"http:\/\/www.ailestourangelles.fr\/wp-content\/uploads\/2015\/11\/cabine_1.jpg\" alt=\"\" width=\"900\" height=\"598\" \/><\/a><\/p>\n<p><strong>Conditions d\u2019obtention<\/strong><\/p>\n<p>Il n\u2019y a pas d\u2019\u00e2ge pour commencer une formation, cependant le 1er vol solo \u00e0 bord ne peut intervenir avant 16 ans r\u00e9volus et l\u2019obtention du brevet avant 17 ans r\u00e9volus. Pour obtenir le brevet de base, il est n\u00e9cessaire de r\u00e9ussir un examen th\u00e9orique et pratique. Les pr\u00e9-requis sont les suivantes : 6 heures de vol en double commande (avec instructeur), 4 heures de vol en solo, 20 d\u00e9collages et 20 atterrissages en solo.<\/p>\n<p><strong>Formation pratique<\/strong><\/p>\n<p>Afin de se pr\u00e9senter \u00e0 l\u2019examen pratique du brevet de base, vous devez avoir effectu\u00e9 au minimum 10 heures de vol, comprenant au moins 6 heures en double commande (avec un instructeur) et 4 heures de solo supervis\u00e9 (avec au moins 20 atterrissages). Ce minimum r\u00e9glementaire est tr\u00e8s faible et prend en compte une \u00e9ventuelle exp\u00e9rience a\u00e9ronautique (planeur, ULM, \u2026). Pour un d\u00e9butant complet, il faut entre 15 et 20 heures de formation. Cela d\u00e9pend bien s\u00fbr de la disponibilit\u00e9, de l\u2019implication et du travail personnel de l\u2019\u00e9l\u00e8ve-pilote.<\/p>\n<p><strong>Formation th\u00e9orique<\/strong><\/p>\n<p>L\u2019examen th\u00e9orique du brevet de base est compos\u00e9 de 60 QCM \u00e0 choix unique. Pour r\u00e9ussir l\u2019\u00e9preuve, il faut obtenir un minimum de 75% de bonnes r\u00e9ponses. Dans le cas de la poursuite vers un PPL, le th\u00e9orique PPL est valable \u00e9galement pour le brevet de base.<\/p>\n<p><strong>Privil\u00e8ges<\/strong><\/p>\n<p>Voler seul \u00e0 bord et sans r\u00e9mun\u00e9ration, dans un rayon de 30 km autour de l\u2019a\u00e9rodrome de rattachement et sur le type d\u2019avion ayant servi \u00e0 la formation, hors des espaces a\u00e9riens contr\u00f4l\u00e9s (exception de l\u2019a\u00e9rodrome de d\u00e9part).\u200b<\/p>\n<p><strong>Extensions possibles<\/strong><\/p>\n<ul>\n<li>Emport de passagers<\/li>\n<li>Utilisation d\u2019autres a\u00e9rodromes \u00e9loign\u00e9es de moins de 100 km<\/li>\n<li>Utilisation d\u2019autres avions<\/li>\n<li>\u00a0Voltige<\/li>\n<li>Vol de nuit<\/li>\n<li>Remorquage de planeurs<\/li>\n<\/ul>\n<p><strong>Validit\u00e9<\/strong><\/p>\n<p>Le brevet de base a une validit\u00e9 de 24 mois. Le pilote doit justifier de 10 heures de vol dans les 12 mois pr\u00e9c\u00e9dant la demande de renouvellement qui se fera avec un instructeur habilit\u00e9 ou un examinateur.<\/p>\n","protected":false},"excerpt":{"rendered":"<p>Le Brevet de Base de pilote d\u2019avion (ou BB) est un brevet national (fran\u00e7ais, donc non reconnu dans un autre pays) qui autorise son titulaire \u00e0 voler seul \u00e0 bord dans un rayon de 30 km autour de l\u2019a\u00e9rodrome de d\u00e9part, sans passager et sur le type d\u2019avion ayant servi \u00e0 la formation. Avec de [&hellip;]<\/p>\n","protected":false},"author":14,"featured_media":0,"parent":0,"menu_order":0,"comment_status":"closed","ping_status":"closed","template":"","meta":{"footnotes":""},"class_list":["post-1244","page","type-page","status-publish","hentry"],"_links":{"self":[{"href":"https:\/\/www.ailestourangelles.fr\/en\/wp-json\/wp\/v2\/pages\/1244","targetHints":{"allow":["GET"]}}],"collection":[{"href":"https:\/\/www.ailestourangelles.fr\/en\/wp-json\/wp\/v2\/pages"}],"about":[{"href":"https:\/\/www.ailestourangelles.fr\/en\/wp-json\/wp\/v2\/types\/page"}],"author":[{"embeddable":true,"href":"https:\/\/www.ailestourangelles.fr\/en\/wp-json\/wp\/v2\/users\/14"}],"replies":[{"embeddable":true,"href":"https:\/\/www.ailestourangelles.fr\/en\/wp-json\/wp\/v2\/comments?post=1244"}],"version-history":[{"count":3,"href":"https:\/\/www.ailestourangelles.fr\/en\/wp-json\/wp\/v2\/pages\/1244\/revisions"}],"predecessor-version":[{"id":2501,"href":"https:\/\/www.ailestourangelles.fr\/en\/wp-json\/wp\/v2\/pages\/1244\/revisions\/2501"}],"wp:attachment":[{"href":"https:\/\/www.ailestourangelles.fr\/en\/wp-json\/wp\/v2\/media?parent=1244"}],"curies":[{"name":"wp","href":"https:\/\/api.w.org\/{rel}","templated":true}]}}