{"id":1641,"date":"2020-05-10T14:54:09","date_gmt":"2020-05-10T13:54:09","guid":{"rendered":"http:\/\/www.ailestourangelles.fr\/?page_id=1641"},"modified":"2026-04-23T20:22:15","modified_gmt":"2026-04-23T19:22:15","slug":"securite","status":"publish","type":"page","link":"https:\/\/www.ailestourangelles.fr\/en\/securite\/","title":{"rendered":"(Fran\u00e7ais) S\u00e9curit\u00e9"},"content":{"rendered":"<p class=\"qtranxs-available-languages-message qtranxs-available-languages-message-en\">Sorry, this entry is only available in <a href=\"https:\/\/www.ailestourangelles.fr\/fr\/wp-json\/wp\/v2\/pages\/1641\" class=\"qtranxs-available-language-link qtranxs-available-language-link-fr\" title=\"Fran\u00e7ais\">Fran\u00e7ais<\/a>.<\/p>","protected":false},"excerpt":{"rendered":"<p>Sorry, this entry is only available in Fran\u00e7ais.<\/p>\n","protected":false},"author":14,"featured_media":0,"parent":0,"menu_order":0,"comment_status":"closed","ping_status":"closed","template":"template-full-width.php","meta":{"footnotes":""},"class_list":["post-1641","page","type-page","status-publish","hentry"],"_links":{"self":[{"href":"https:\/\/www.ailestourangelles.fr\/en\/wp-json\/wp\/v2\/pages\/1641","targetHints":{"allow":["GET"]}}],"collection":[{"href":"https:\/\/www.ailestourangelles.fr\/en\/wp-json\/wp\/v2\/pages"}],"about":[{"href":"https:\/\/www.ailestourangelles.fr\/en\/wp-json\/wp\/v2\/types\/page"}],"author":[{"embeddable":true,"href":"https:\/\/www.ailestourangelles.fr\/en\/wp-json\/wp\/v2\/users\/14"}],"replies":[{"embeddable":true,"href":"https:\/\/www.ailestourangelles.fr\/en\/wp-json\/wp\/v2\/comments?post=1641"}],"version-history":[{"count":148,"href":"https:\/\/www.ailestourangelles.fr\/en\/wp-json\/wp\/v2\/pages\/1641\/revisions"}],"predecessor-version":[{"id":5126,"href":"https:\/\/www.ailestourangelles.fr\/en\/wp-json\/wp\/v2\/pages\/1641\/revisions\/5126"}],"wp:attachment":[{"href":"https:\/\/www.ailestourangelles.fr\/en\/wp-json\/wp\/v2\/media?parent=1641"}],"curies":[{"name":"wp","href":"https:\/\/api.w.org\/{rel}","templated":true}]}}