{"id":2865,"date":"2021-04-21T19:47:20","date_gmt":"2021-04-21T18:47:20","guid":{"rendered":"https:\/\/www.ailestourangelles.fr\/?page_id=2865"},"modified":"2021-04-24T13:35:10","modified_gmt":"2021-04-24T12:35:10","slug":"diaporama-ag-acat-2021","status":"publish","type":"page","link":"https:\/\/www.ailestourangelles.fr\/en\/diaporama-ag-acat-2021\/","title":{"rendered":"Diaporama Assembl\u00e9e G\u00e9n\u00e9rale Ordinaire 2021"},"content":{"rendered":"<p class=\"qtranxs-available-languages-message qtranxs-available-languages-message-en\">Sorry, this entry is only available in <a href=\"https:\/\/www.ailestourangelles.fr\/fr\/wp-json\/wp\/v2\/pages\/2865\" class=\"qtranxs-available-language-link qtranxs-available-language-link-fr\" title=\"Fran\u00e7ais\">Fran\u00e7ais<\/a>.<\/p>","protected":false},"excerpt":{"rendered":"<p>Sorry, this entry is only available in Fran\u00e7ais.<\/p>\n","protected":false},"author":14,"featured_media":0,"parent":0,"menu_order":0,"comment_status":"closed","ping_status":"closed","template":"","meta":{"footnotes":""},"class_list":["post-2865","page","type-page","status-publish","hentry"],"_links":{"self":[{"href":"https:\/\/www.ailestourangelles.fr\/en\/wp-json\/wp\/v2\/pages\/2865","targetHints":{"allow":["GET"]}}],"collection":[{"href":"https:\/\/www.ailestourangelles.fr\/en\/wp-json\/wp\/v2\/pages"}],"about":[{"href":"https:\/\/www.ailestourangelles.fr\/en\/wp-json\/wp\/v2\/types\/page"}],"author":[{"embeddable":true,"href":"https:\/\/www.ailestourangelles.fr\/en\/wp-json\/wp\/v2\/users\/14"}],"replies":[{"embeddable":true,"href":"https:\/\/www.ailestourangelles.fr\/en\/wp-json\/wp\/v2\/comments?post=2865"}],"version-history":[{"count":10,"href":"https:\/\/www.ailestourangelles.fr\/en\/wp-json\/wp\/v2\/pages\/2865\/revisions"}],"predecessor-version":[{"id":2934,"href":"https:\/\/www.ailestourangelles.fr\/en\/wp-json\/wp\/v2\/pages\/2865\/revisions\/2934"}],"wp:attachment":[{"href":"https:\/\/www.ailestourangelles.fr\/en\/wp-json\/wp\/v2\/media?parent=2865"}],"curies":[{"name":"wp","href":"https:\/\/api.w.org\/{rel}","templated":true}]}}